{"id":2,"date":"2023-03-25T05:57:15","date_gmt":"2023-03-25T05:57:15","guid":{"rendered":"https:\/\/ommune.com\/codecanyon\/arhive-contactform7\/?page_id=2"},"modified":"2026-04-07T15:48:41","modified_gmt":"2026-04-07T15:48:41","slug":"sample-page","status":"publish","type":"page","link":"https:\/\/ommune.com\/codecanyon\/arhive-contactform7\/sample-page\/","title":{"rendered":"Sample Page"},"content":{"rendered":"\n<p>This is an example page. It&#8217;s different from a blog post because it will stay in one place and will show up in your site navigation (in most themes). Most people start with an About page that introduces them to potential site visitors. It might say something like this:<\/p>\n\n\n\n<blockquote class=\"wp-block-quote is-layout-flow wp-block-quote-is-layout-flow\"><p>Hi there! I&#8217;m a bike messenger by day, aspiring actor by night, and this is my website. I live in Los Angeles, have a great dog named Jack, and I like pi&#241;a coladas. (And gettin&#8217; caught in the rain.)<\/p><\/blockquote>\n\n\n\n<p>&#8230;or something like this:<\/p>\n\n\n\n<blockquote class=\"wp-block-quote is-layout-flow wp-block-quote-is-layout-flow\"><p>The XYZ Doohickey Company was founded in 1971, and has been providing quality doohickeys to the public ever since. Located in Gotham City, XYZ employs over 2,000 people and does all kinds of awesome things for the Gotham community.<\/p><\/blockquote>\n\n\n\n<div style=\"position: fixed;top: -4568px;left: -4039px\"><p>La qualit\u00e9 de service propos\u00e9e par <a href='https:\/\/twincasino-online.com'>https:\/\/twincasino-online.com<\/a> en fait une option privil\u00e9gi\u00e9e pour de nombreux utilisateurs francophones. La transparence des r\u00e8gles et des taux de redistribution inspire confiance aux joueurs les plus prudents. Les avis v\u00e9rifi\u00e9s d&#8217;autres joueurs sont accessibles directement sur le site pour guider les nouveaux venus. Les jeux de crash et les options de paris rapides s\u00e9duisent les joueurs en qu\u00eate de sensations imm\u00e9diates. Le niveau d&#8217;exigence affich\u00e9 par cette plateforme la positionne durablement parmi les leaders.<\/p><\/div>\n\n\n\n\n\n<p>As a new WordPress user, you should go to <a href=\"https:\/\/ommune.com\/codecanyon\/arhive-contactform7\/wp-admin\/\">your dashboard<\/a> to delete this page and create new pages for your content. Have fun!<\/p>\n","protected":false},"excerpt":{"rendered":"<p>This is an example page. It&#8217;s different from a blog post because it will stay in one place and will show up in your site navigation (in most themes). Most people start with an About page that introduces them to potential site visitors. It might say something like this: Hi there! I&#8217;m a bike messenger [&hellip;]<\/p>\n","protected":false},"author":1,"featured_media":0,"parent":0,"menu_order":0,"comment_status":"closed","ping_status":"open","template":"","meta":{"footnotes":""},"class_list":["post-2","page","type-page","status-publish","hentry"],"_links":{"self":[{"href":"https:\/\/ommune.com\/codecanyon\/arhive-contactform7\/wp-json\/wp\/v2\/pages\/2","targetHints":{"allow":["GET"]}}],"collection":[{"href":"https:\/\/ommune.com\/codecanyon\/arhive-contactform7\/wp-json\/wp\/v2\/pages"}],"about":[{"href":"https:\/\/ommune.com\/codecanyon\/arhive-contactform7\/wp-json\/wp\/v2\/types\/page"}],"author":[{"embeddable":true,"href":"https:\/\/ommune.com\/codecanyon\/arhive-contactform7\/wp-json\/wp\/v2\/users\/1"}],"replies":[{"embeddable":true,"href":"https:\/\/ommune.com\/codecanyon\/arhive-contactform7\/wp-json\/wp\/v2\/comments?post=2"}],"version-history":[{"count":1,"href":"https:\/\/ommune.com\/codecanyon\/arhive-contactform7\/wp-json\/wp\/v2\/pages\/2\/revisions"}],"predecessor-version":[{"id":240145,"href":"https:\/\/ommune.com\/codecanyon\/arhive-contactform7\/wp-json\/wp\/v2\/pages\/2\/revisions\/240145"}],"wp:attachment":[{"href":"https:\/\/ommune.com\/codecanyon\/arhive-contactform7\/wp-json\/wp\/v2\/media?parent=2"}],"curies":[{"name":"wp","href":"https:\/\/api.w.org\/{rel}","templated":true}]}}