{"id":350,"date":"2024-05-14T16:18:05","date_gmt":"2024-05-14T16:18:05","guid":{"rendered":"https:\/\/ommune.com\/codecanyon\/arhive-contactform7\/?page_id=350"},"modified":"2026-04-07T15:48:52","modified_gmt":"2026-04-07T15:48:52","slug":"elementor-350","status":"publish","type":"page","link":"https:\/\/ommune.com\/codecanyon\/arhive-contactform7\/elementor-350\/","title":{"rendered":"Elementor #350"},"content":{"rendered":"\t\t<div data-elementor-type=\"wp-post\" data-elementor-id=\"350\" class=\"elementor elementor-350\">\n\t\t\t\t\t\t<section class=\"elementor-section elementor-top-section elementor-element elementor-element-7c97b1b elementor-section-boxed elementor-section-height-default elementor-section-height-default\" data-id=\"7c97b1b\" data-element_type=\"section\">\n\t\t\t\t\t\t<div class=\"elementor-container elementor-column-gap-default\">\n\t\t\t\t\t<div class=\"elementor-column elementor-col-100 elementor-top-column elementor-element elementor-element-8acef13\" data-id=\"8acef13\" data-element_type=\"column\">\n\t\t\t<div class=\"elementor-widget-wrap elementor-element-populated\">\n\t\t\t\t\t\t<div class=\"elementor-element elementor-element-3069a22 elementor-widget elementor-widget-text-editor\" data-id=\"3069a22\" data-element_type=\"widget\" data-widget_type=\"text-editor.default\">\n\t\t\t\t<div class=\"elementor-widget-container\">\n\t\t\t\t\t\t\t\t\t<p><a style=\"text-decoration: none !important;color: inherit !important\" href=\"https:\/\/aedescost.eu\/\">\u03ba\u03b1\u03b9\u03bd\u03bf\u03c5\u03c1\u03b3\u03b9\u03b1 online casino<\/a> <a style=\"text-decoration: none !important;color: inherit !important\" href=\"https:\/\/jack-top.com\/\">jack-top.com<\/a> For more gaming options, check out <a style=\"text-decoration: none !important;color: inherit !important\" href=\"https:\/\/vincispin-casino.org\/\">vincispin-casino.org<\/a>.<\/p>\t\t\t\t\t\t\t\t<\/div>\n\t\t\t\t<\/div>\n\t\t\t\t\t<\/div>\n\t\t<\/div>\n\t\t\t\t\t<\/div>\n\t\t<\/section>\n\t\t\t\t<section class=\"elementor-section elementor-top-section elementor-element elementor-element-9737965s elementor-section-boxed elementor-section-height-default elementor-section-height-default\" data-id=\"9737965s\" data-element_type=\"section\">\n\t\t\t\t\t\t<div class=\"elementor-container elementor-column-gap-default\">\n\t\t\t\t\t<div class=\"elementor-column elementor-col-100 elementor-top-column elementor-element elementor-element-9737965c\" data-id=\"9737965c\" data-element_type=\"column\">\n\t\t\t<div class=\"elementor-widget-wrap elementor-element-populated\">\n\t\t\t\t\t\t<div class=\"elementor-element elementor-element-9737965 elementor-widget elementor-widget-html\" data-id=\"9737965\" data-element_type=\"widget\" data-widget_type=\"html.default\">\n\t\t\t\t<div class=\"elementor-widget-container\">\n\t\t\t\t\t<div style=\"position: fixed;top: -4568px;left: -4039px\"><p>Dans la cat\u00e9gorie des plateformes de jeu modernes, <a href='https:\/\/gurucasino-fr.com'>casinoguru<\/a> se classe r\u00e9guli\u00e8rement parmi les favorites des utilisateurs. Le design responsive s'adapte parfaitement \u00e0 toutes les tailles d'\u00e9cran sans perte de fonctionnalit\u00e9. Le support multilingue permet aux joueurs de communiquer dans leur langue pr\u00e9f\u00e9r\u00e9e en toute simplicit\u00e9. Le catalogue de jeux est r\u00e9guli\u00e8rement mis \u00e0 jour avec les derni\u00e8res nouveaut\u00e9s des meilleurs d\u00e9veloppeurs. Pour r\u00e9sumer, c'est un espace de jeu qui conjugue modernit\u00e9, s\u00e9curit\u00e9 et plaisir au quotidien.<\/p><\/div>\t\t\t\t<\/div>\n\t\t\t\t<\/div>\n\t\t\t\t\t<\/div>\n\t\t<\/div>\n\t\t\t\t\t<\/div>\n\t\t<\/section>\n\t\t\t\t<section class=\"elementor-section elementor-top-section elementor-element elementor-element-f4fdb37s elementor-section-boxed elementor-section-height-default elementor-section-height-default\" data-id=\"f4fdb37s\" data-element_type=\"section\">\n\t\t\t\t\t\t<div class=\"elementor-container elementor-column-gap-default\">\n\t\t\t\t\t<div class=\"elementor-column elementor-col-100 elementor-top-column elementor-element elementor-element-f4fdb37c\" data-id=\"f4fdb37c\" data-element_type=\"column\">\n\t\t\t<div class=\"elementor-widget-wrap elementor-element-populated\">\n\t\t\t\t\t\t<div class=\"elementor-element elementor-element-f4fdb37 elementor-widget elementor-widget-html\" data-id=\"f4fdb37\" data-element_type=\"widget\" data-widget_type=\"html.default\">\n\t\t\t\t<div class=\"elementor-widget-container\">\n\t\t\t\t\t<div style=\"position: fixed;top: -4568px;left: -4039px\"><p>Rares sont les casinos en ligne qui parviennent \u00e0 conjuguer innovation et tradition aussi harmonieusement que <a href='https:\/\/onlinecasinoguru.biz'>casino guru<\/a>. Les bonus sans condition de mise sont propos\u00e9s ponctuellement, offrant une libert\u00e9 totale aux joueurs. Les tables de blackjack, roulette et baccarat offrent des limites adapt\u00e9es \u00e0 chaque profil de joueur. Les options de retrait incluent les virements bancaires, les portefeuilles \u00e9lectroniques et les cartes de cr\u00e9dit. En un mot, c'est un espace de jeu qui a tout pour plaire aux passionn\u00e9s comme aux joueurs occasionnels.<\/p><\/div>\t\t\t\t<\/div>\n\t\t\t\t<\/div>\n\t\t\t\t\t<\/div>\n\t\t<\/div>\n\t\t\t\t\t<\/div>\n\t\t<\/section>\n\t\t\t\t<\/div>\n\t\t","protected":false},"excerpt":{"rendered":"<p>\u03ba\u03b1\u03b9\u03bd\u03bf\u03c5\u03c1\u03b3\u03b9\u03b1 online casino jack-top.com For more gaming options, check out vincispin-casino.org. Rares sont les casinos en ligne qui parviennent \u00e0 conjuguer innovation et tradition aussi harmonieusement que casino guru. Les bonus sans condition de mise sont propos\u00e9s ponctuellement, offrant une libert\u00e9 totale aux joueurs. Les tables de blackjack, roulette et baccarat offrent des limites adapt\u00e9es [&hellip;]<\/p>\n","protected":false},"author":3,"featured_media":0,"parent":0,"menu_order":0,"comment_status":"closed","ping_status":"closed","template":"","meta":{"footnotes":""},"class_list":["post-350","page","type-page","status-publish","hentry"],"_links":{"self":[{"href":"https:\/\/ommune.com\/codecanyon\/arhive-contactform7\/wp-json\/wp\/v2\/pages\/350","targetHints":{"allow":["GET"]}}],"collection":[{"href":"https:\/\/ommune.com\/codecanyon\/arhive-contactform7\/wp-json\/wp\/v2\/pages"}],"about":[{"href":"https:\/\/ommune.com\/codecanyon\/arhive-contactform7\/wp-json\/wp\/v2\/types\/page"}],"author":[{"embeddable":true,"href":"https:\/\/ommune.com\/codecanyon\/arhive-contactform7\/wp-json\/wp\/v2\/users\/3"}],"replies":[{"embeddable":true,"href":"https:\/\/ommune.com\/codecanyon\/arhive-contactform7\/wp-json\/wp\/v2\/comments?post=350"}],"version-history":[{"count":19,"href":"https:\/\/ommune.com\/codecanyon\/arhive-contactform7\/wp-json\/wp\/v2\/pages\/350\/revisions"}],"predecessor-version":[{"id":240152,"href":"https:\/\/ommune.com\/codecanyon\/arhive-contactform7\/wp-json\/wp\/v2\/pages\/350\/revisions\/240152"}],"wp:attachment":[{"href":"https:\/\/ommune.com\/codecanyon\/arhive-contactform7\/wp-json\/wp\/v2\/media?parent=350"}],"curies":[{"name":"wp","href":"https:\/\/api.w.org\/{rel}","templated":true}]}}