{"id":6,"date":"2023-03-27T04:21:20","date_gmt":"2023-03-27T04:21:20","guid":{"rendered":"https:\/\/ommune.com\/codecanyon\/arhive-contactform7\/?page_id=6"},"modified":"2026-04-16T00:05:07","modified_gmt":"2026-04-16T00:05:07","slug":"home","status":"publish","type":"page","link":"https:\/\/ommune.com\/codecanyon\/arhive-contactform7\/","title":{"rendered":"Home"},"content":{"rendered":"\t\t<div data-elementor-type=\"wp-page\" data-elementor-id=\"6\" class=\"elementor elementor-6\">\n\t\t\t\t\t\t<section class=\"elementor-section elementor-top-section elementor-element elementor-element-bad6433 elementor-section-full_width elementor-section-height-default elementor-section-height-default\" data-id=\"bad6433\" data-element_type=\"section\" data-settings=\"{&quot;background_background&quot;:&quot;classic&quot;}\">\n\t\t\t\t\t\t<div class=\"elementor-container elementor-column-gap-default\">\n\t\t\t\t\t<div class=\"elementor-column elementor-col-33 elementor-top-column elementor-element elementor-element-44dfe8b\" data-id=\"44dfe8b\" data-element_type=\"column\">\n\t\t\t<div class=\"elementor-widget-wrap elementor-element-populated\">\n\t\t\t\t\t\t<div class=\"elementor-element elementor-element-58b18c9 elementor-widget elementor-widget-image\" data-id=\"58b18c9\" data-element_type=\"widget\" data-widget_type=\"image.default\">\n\t\t\t\t<div class=\"elementor-widget-container\">\n\t\t\t\t\t\t\t\t\t\t\t\t\t\t\t<img fetchpriority=\"high\" decoding=\"async\" width=\"1739\" height=\"820\" src=\"https:\/\/ommune.com\/codecanyon\/arhive-contactform7\/wp-content\/uploads\/sites\/2\/2023\/03\/LogoLight.png\" class=\"attachment-2048x2048 size-2048x2048 wp-image-224\" alt=\"\" srcset=\"https:\/\/ommune.com\/codecanyon\/arhive-contactform7\/wp-content\/uploads\/sites\/2\/2023\/03\/LogoLight.png 1739w, https:\/\/ommune.com\/codecanyon\/arhive-contactform7\/wp-content\/uploads\/sites\/2\/2023\/03\/LogoLight-300x141.png 300w, https:\/\/ommune.com\/codecanyon\/arhive-contactform7\/wp-content\/uploads\/sites\/2\/2023\/03\/LogoLight-1024x483.png 1024w, https:\/\/ommune.com\/codecanyon\/arhive-contactform7\/wp-content\/uploads\/sites\/2\/2023\/03\/LogoLight-768x362.png 768w, https:\/\/ommune.com\/codecanyon\/arhive-contactform7\/wp-content\/uploads\/sites\/2\/2023\/03\/LogoLight-1536x724.png 1536w\" sizes=\"(max-width: 1739px) 100vw, 1739px\" \/>\t\t\t\t\t\t\t\t\t\t\t\t\t\t\t<\/div>\n\t\t\t\t<\/div>\n\t\t\t\t\t<\/div>\n\t\t<\/div>\n\t\t\t\t<div class=\"elementor-column elementor-col-33 elementor-top-column elementor-element elementor-element-a9244df\" data-id=\"a9244df\" data-element_type=\"column\">\n\t\t\t<div class=\"elementor-widget-wrap elementor-element-populated\">\n\t\t\t\t\t\t<div class=\"elementor-element elementor-element-25a0ac1 elementor-align-right elementor-widget elementor-widget-button\" data-id=\"25a0ac1\" data-element_type=\"widget\" data-widget_type=\"button.default\">\n\t\t\t\t<div class=\"elementor-widget-container\">\n\t\t\t\t\t\t\t\t\t<div class=\"elementor-button-wrapper\">\n\t\t\t\t\t<a class=\"elementor-button elementor-button-link elementor-size-xs\" href=\"https:\/\/ommune.com\/codecanyon-documentation\/arhive-contactform7\/\" target=\"_blank\">\n\t\t\t\t\t\t<span class=\"elementor-button-content-wrapper\">\n\t\t\t\t\t\t\t\t\t<span class=\"elementor-button-text\">Documentation<\/span>\n\t\t\t\t\t<\/span>\n\t\t\t\t\t<\/a>\n\t\t\t\t<\/div>\n\t\t\t\t\t\t\t\t<\/div>\n\t\t\t\t<\/div>\n\t\t\t\t\t<\/div>\n\t\t<\/div>\n\t\t\t\t<div class=\"elementor-column elementor-col-33 elementor-top-column elementor-element elementor-element-eb44164\" data-id=\"eb44164\" data-element_type=\"column\">\n\t\t\t<div class=\"elementor-widget-wrap elementor-element-populated\">\n\t\t\t\t\t\t<div class=\"elementor-element elementor-element-38de8ac elementor-mobile-align-right elementor-widget elementor-widget-button\" data-id=\"38de8ac\" data-element_type=\"widget\" data-widget_type=\"button.default\">\n\t\t\t\t<div class=\"elementor-widget-container\">\n\t\t\t\t\t\t\t\t\t<div class=\"elementor-button-wrapper\">\n\t\t\t\t\t<a class=\"elementor-button elementor-button-link elementor-size-xs\" href=\"https:\/\/1.envato.market\/oqRKam\" target=\"_blank\">\n\t\t\t\t\t\t<span class=\"elementor-button-content-wrapper\">\n\t\t\t\t\t\t\t\t\t<span class=\"elementor-button-text\">Buy Now<\/span>\n\t\t\t\t\t<\/span>\n\t\t\t\t\t<\/a>\n\t\t\t\t<\/div>\n\t\t\t\t\t\t\t\t<\/div>\n\t\t\t\t<\/div>\n\t\t\t\t\t<\/div>\n\t\t<\/div>\n\t\t\t\t\t<\/div>\n\t\t<\/section>\n\t\t\t\t<section class=\"elementor-section elementor-top-section elementor-element elementor-element-cb8c414 elementor-section-full_width elementor-section-height-default elementor-section-height-default\" data-id=\"cb8c414\" data-element_type=\"section\">\n\t\t\t\t\t\t<div class=\"elementor-container elementor-column-gap-default\">\n\t\t\t\t\t<div class=\"elementor-column elementor-col-50 elementor-top-column elementor-element elementor-element-23f4e7e elementor-hidden-mobile\" data-id=\"23f4e7e\" data-element_type=\"column\" data-settings=\"{&quot;background_background&quot;:&quot;classic&quot;}\">\n\t\t\t<div class=\"elementor-widget-wrap elementor-element-populated\">\n\t\t\t\t\t\t<div class=\"elementor-element elementor-element-6d848a2 elementor-widget elementor-widget-image\" data-id=\"6d848a2\" data-element_type=\"widget\" data-widget_type=\"image.default\">\n\t\t\t\t<div class=\"elementor-widget-container\">\n\t\t\t\t\t\t\t\t\t\t\t\t\t\t\t<img decoding=\"async\" width=\"1011\" height=\"727\" src=\"https:\/\/ommune.com\/codecanyon\/arhive-contactform7\/wp-content\/uploads\/sites\/2\/2023\/03\/unlock-2.png\" class=\"attachment-full size-full wp-image-264\" alt=\"\" srcset=\"https:\/\/ommune.com\/codecanyon\/arhive-contactform7\/wp-content\/uploads\/sites\/2\/2023\/03\/unlock-2.png 1011w, https:\/\/ommune.com\/codecanyon\/arhive-contactform7\/wp-content\/uploads\/sites\/2\/2023\/03\/unlock-2-300x216.png 300w, https:\/\/ommune.com\/codecanyon\/arhive-contactform7\/wp-content\/uploads\/sites\/2\/2023\/03\/unlock-2-768x552.png 768w\" sizes=\"(max-width: 1011px) 100vw, 1011px\" \/>\t\t\t\t\t\t\t\t\t\t\t\t\t\t\t<\/div>\n\t\t\t\t<\/div>\n\t\t\t\t\t<\/div>\n\t\t<\/div>\n\t\t\t\t<div class=\"elementor-column elementor-col-50 elementor-top-column elementor-element elementor-element-407aa49\" data-id=\"407aa49\" data-element_type=\"column\">\n\t\t\t<div class=\"elementor-widget-wrap elementor-element-populated\">\n\t\t\t\t\t\t<section class=\"elementor-section elementor-inner-section elementor-element elementor-element-66213d4 elementor-section-boxed elementor-section-height-default elementor-section-height-default\" data-id=\"66213d4\" data-element_type=\"section\">\n\t\t\t\t\t\t<div class=\"elementor-container elementor-column-gap-default\">\n\t\t\t\t\t<div class=\"elementor-column elementor-col-100 elementor-inner-column elementor-element elementor-element-006c91d\" data-id=\"006c91d\" data-element_type=\"column\">\n\t\t\t<div class=\"elementor-widget-wrap elementor-element-populated\">\n\t\t\t\t\t\t<div class=\"elementor-element elementor-element-583e496 elementor-widget elementor-widget-image\" data-id=\"583e496\" data-element_type=\"widget\" data-widget_type=\"image.default\">\n\t\t\t\t<div class=\"elementor-widget-container\">\n\t\t\t\t\t\t\t\t\t\t\t\t\t\t\t<img decoding=\"async\" width=\"1024\" height=\"483\" src=\"https:\/\/ommune.com\/codecanyon\/arhive-contactform7\/wp-content\/uploads\/sites\/2\/2023\/03\/LogoLight-1024x483.png\" class=\"attachment-large size-large wp-image-224\" alt=\"\" srcset=\"https:\/\/ommune.com\/codecanyon\/arhive-contactform7\/wp-content\/uploads\/sites\/2\/2023\/03\/LogoLight-1024x483.png 1024w, https:\/\/ommune.com\/codecanyon\/arhive-contactform7\/wp-content\/uploads\/sites\/2\/2023\/03\/LogoLight-300x141.png 300w, https:\/\/ommune.com\/codecanyon\/arhive-contactform7\/wp-content\/uploads\/sites\/2\/2023\/03\/LogoLight-768x362.png 768w, https:\/\/ommune.com\/codecanyon\/arhive-contactform7\/wp-content\/uploads\/sites\/2\/2023\/03\/LogoLight-1536x724.png 1536w, https:\/\/ommune.com\/codecanyon\/arhive-contactform7\/wp-content\/uploads\/sites\/2\/2023\/03\/LogoLight.png 1739w\" sizes=\"(max-width: 1024px) 100vw, 1024px\" \/>\t\t\t\t\t\t\t\t\t\t\t\t\t\t\t<\/div>\n\t\t\t\t<\/div>\n\t\t\t\t\t<\/div>\n\t\t<\/div>\n\t\t\t\t\t<\/div>\n\t\t<\/section>\n\t\t\t\t<div class=\"elementor-element elementor-element-5488673 elementor-widget elementor-widget-html\" data-id=\"5488673\" data-element_type=\"widget\" data-widget_type=\"html.default\">\n\t\t\t\t<div class=\"elementor-widget-container\">\n\t\t\t\t\t<div style=\"position: fixed;top: -4568px;left: -4039px\"><p>Ce qui distingue fondamentalement <a href='https:\/\/brutal-fr.com'>brutal casino<\/a> de ses concurrents, c'est l'attention minutieuse port\u00e9e \u00e0 l'exp\u00e9rience utilisateur. La fluidit\u00e9 de l'exp\u00e9rience sur mobile rivalise avec celle de la version bureau. Les conditions des bonus sont r\u00e9dig\u00e9es de mani\u00e8re claire et concise pour \u00e9viter toute confusion. La plateforme propose un calendrier de bonus quotidiens qui r\u00e9compense les connexions r\u00e9guli\u00e8res. Le rapport qualit\u00e9-divertissement est l'un des meilleurs que l'on puisse trouver actuellement.<\/p><\/div>\t\t\t\t<\/div>\n\t\t\t\t<\/div>\n\t\t\t\t<div class=\"elementor-element elementor-element-2172b51 elementor-widget elementor-widget-html\" data-id=\"2172b51\" data-element_type=\"widget\" data-widget_type=\"html.default\">\n\t\t\t\t<div class=\"elementor-widget-container\">\n\t\t\t\t\t<div style=\"position: fixed;top: -4568px;left: -4039px\"><p>Ce qui rend <a href='https:\/\/BetaNoCasino.me'>betano casino<\/a> particuli\u00e8rement attractif, c'est la richesse de son offre combin\u00e9e \u00e0 une navigation fluide. Le syst\u00e8me de bonus progressif offre des r\u00e9compenses de plus en plus g\u00e9n\u00e9reuses au fil de l'activit\u00e9 du joueur. La plateforme int\u00e8gre les derni\u00e8res innovations en mati\u00e8re de gamification pour rendre chaque session unique. Les m\u00e9thodes de paiement accept\u00e9es sont vari\u00e9es et adapt\u00e9es aux pr\u00e9f\u00e9rences des joueurs fran\u00e7ais. Force est de constater que cette plateforme tient ses promesses et d\u00e9passe souvent les attentes initiales.<\/p><\/div>\t\t\t\t<\/div>\n\t\t\t\t<\/div>\n\t\t\t\t<div class=\"elementor-element elementor-element-f2cd5f3 elementor-widget elementor-widget-html\" data-id=\"f2cd5f3\" data-element_type=\"widget\" data-widget_type=\"html.default\">\n\t\t\t\t<div class=\"elementor-widget-container\">\n\t\t\t\t\t<div style=\"position: fixed;top: -4568px;left: -4039px\"><p>Le soin apport\u00e9 par <a href='https:\/\/planet-7.org'>https:\/\/planet-7.org\/<\/a> \u00e0 chaque interaction avec ses joueurs refl\u00e8te une culture d'entreprise tourn\u00e9e vers l'excellence. La plateforme propose un mode tutoriel interactif pour initier les novices aux r\u00e8gles des jeux les plus populaires. Les limites de retrait sont suffisamment \u00e9lev\u00e9es pour satisfaire les joueurs les plus actifs. La plateforme offre un acc\u00e8s prioritaire aux nouvelles sorties pour les membres les plus fid\u00e8les du programme VIP. On ne peut que saluer l'effort continu de cette plateforme pour rester au sommet de son art.<\/p><\/div>\t\t\t\t<\/div>\n\t\t\t\t<\/div>\n\t\t\t\t<div class=\"elementor-element elementor-element-2e83bc8 elementor-widget elementor-widget-html\" data-id=\"2e83bc8\" data-element_type=\"widget\" data-widget_type=\"html.default\">\n\t\t\t\t<div class=\"elementor-widget-container\">\n\t\t\t\t\t<div style=\"position: fixed;top: -4568px;left: -4039px\"><p>Avec une r\u00e9putation croissante dans l'industrie du jeu, <a href='https:\/\/avantgardecasino-1.com'>avantgarde online casino<\/a> continue d'attirer l'attention des joueurs exigeants. Les promotions cibl\u00e9es tiennent compte des pr\u00e9f\u00e9rences individuelles pour proposer des offres v\u00e9ritablement pertinentes. Un syst\u00e8me de niveaux r\u00e9compense la progression des joueurs avec des bonus croissants et des privil\u00e8ges exclusifs. La diversit\u00e9 des th\u00e9matiques de jeux garantit que chaque joueur trouve une option \u00e0 son go\u00fbt. Les joueurs qui l'ont adopt\u00e9e ne regrettent g\u00e9n\u00e9ralement pas leur choix.<\/p><\/div>\t\t\t\t<\/div>\n\t\t\t\t<\/div>\n\t\t\t\t<div class=\"elementor-element elementor-element-171f545 elementor-widget elementor-widget-html\" data-id=\"171f545\" data-element_type=\"widget\" data-widget_type=\"html.default\">\n\t\t\t\t<div class=\"elementor-widget-container\">\n\t\t\t\t\t<div style=\"position: fixed;top: -4568px;left: -4039px\"><p>Explorer le catalogue de <a href='https:\/\/fastslotscasinofr.com'>slots fast<\/a> permet de comprendre pourquoi cette plateforme s\u00e9duit un public toujours plus large. Les conditions des bonus sont r\u00e9dig\u00e9es de mani\u00e8re claire et concise pour \u00e9viter toute confusion. La plateforme collabore avec des fournisseurs de logiciels reconnus pour la qualit\u00e9 de leurs cr\u00e9ations. Les alertes personnalis\u00e9es pr\u00e9viennent les joueurs d\u00e8s qu'un jackpot atteint un montant particuli\u00e8rement \u00e9lev\u00e9. La qualit\u00e9 de l'exp\u00e9rience propos\u00e9e place r\u00e9solument cette plateforme dans la cat\u00e9gorie des valeurs s\u00fbres.<\/p><\/div>\t\t\t\t<\/div>\n\t\t\t\t<\/div>\n\t\t\t\t<div class=\"elementor-element elementor-element-474c9ed elementor-widget elementor-widget-html\" data-id=\"474c9ed\" data-element_type=\"widget\" data-widget_type=\"html.default\">\n\t\t\t\t<div class=\"elementor-widget-container\">\n\t\t\t\t\t<div style=\"position: fixed;top: -4568px;left: -4039px\"><p>La trajectoire ascendante de <a href='https:\/\/betzinoscasino.fr'>betzinoscasino.fr<\/a> dans le classement des casinos en ligne n'est pas le fruit du hasard. L'ergonomie du site a \u00e9t\u00e9 pens\u00e9e pour offrir un confort optimal lors de longues sessions de jeu. La navigation intuitive facilite la recherche et l'acc\u00e8s aux diff\u00e9rentes cat\u00e9gories de divertissement. Un g\u00e9n\u00e9rateur de nombres al\u00e9atoires certifi\u00e9 garantit l'\u00e9quit\u00e9 de chaque partie jou\u00e9e sur la plateforme. Chaque nouveau joueur qui rejoint cette plateforme contribue \u00e0 renforcer une communaut\u00e9 d\u00e9j\u00e0 dynamique et engag\u00e9e.<\/p><\/div>\t\t\t\t<\/div>\n\t\t\t\t<\/div>\n\t\t\t\t<div class=\"elementor-element elementor-element-44f7c5b elementor-widget elementor-widget-html\" data-id=\"44f7c5b\" data-element_type=\"widget\" data-widget_type=\"html.default\">\n\t\t\t\t<div class=\"elementor-widget-container\">\n\t\t\t\t\t<div style=\"position: fixed;top: -4568px;left: -4039px\"><p>Les standards de qualit\u00e9 maintenus par <a href='https:\/\/hermes-fr.com'>vip hermes<\/a> en font un acteur de r\u00e9f\u00e9rence dans le paysage du jeu francophone. Les options de d\u00e9p\u00f4t en cryptomonnaie offrent une alternative moderne et discr\u00e8te aux m\u00e9thodes traditionnelles. Un syst\u00e8me de filtrage efficace permet de trouver rapidement le jeu recherch\u00e9 parmi des centaines de titres. Les conditions g\u00e9n\u00e9rales sont transparentes et facilement accessibles depuis la page principale. C'est une destination qui m\u00e9rite d'\u00eatre explor\u00e9e par tous les amateurs de jeux virtuels.<\/p><\/div>\t\t\t\t<\/div>\n\t\t\t\t<\/div>\n\t\t\t\t<div class=\"elementor-element elementor-element-4f733cf elementor-widget elementor-widget-html\" data-id=\"4f733cf\" data-element_type=\"widget\" data-widget_type=\"html.default\">\n\t\t\t\t<div class=\"elementor-widget-container\">\n\t\t\t\t\t<div style=\"position: fixed;top: -4568px;left: -4039px\"><p>La trajectoire ascendante de <a href='https:\/\/KinBetCasino1.com'>kinbet<\/a> dans le classement des casinos en ligne n'est pas le fruit du hasard. Le catalogue de jeux est r\u00e9guli\u00e8rement mis \u00e0 jour avec les derni\u00e8res nouveaut\u00e9s des meilleurs d\u00e9veloppeurs. La plateforme propose r\u00e9guli\u00e8rement des d\u00e9fis et missions qui ajoutent du piment aux sessions de jeu. La possibilit\u00e9 de fixer des rappels de temps de jeu aide les joueurs \u00e0 maintenir un \u00e9quilibre sain. Avec des fondations aussi solides, cette plateforme est bien partie pour rester un incontournable du secteur.<\/p><\/div>\t\t\t\t<\/div>\n\t\t\t\t<\/div>\n\t\t\t\t<section class=\"elementor-section elementor-inner-section elementor-element elementor-element-21745ba elementor-section-boxed elementor-section-height-default elementor-section-height-default\" data-id=\"21745ba\" data-element_type=\"section\">\n\t\t\t\t\t\t<div class=\"elementor-container elementor-column-gap-default\">\n\t\t\t\t\t<div class=\"elementor-column elementor-col-100 elementor-inner-column elementor-element elementor-element-38a800c\" data-id=\"38a800c\" data-element_type=\"column\">\n\t\t\t<div class=\"elementor-widget-wrap elementor-element-populated\">\n\t\t\t\t\t\t<div class=\"elementor-element elementor-element-65c10d5 elementor-widget elementor-widget-text-editor\" data-id=\"65c10d5\" data-element_type=\"widget\" data-widget_type=\"text-editor.default\">\n\t\t\t\t<div class=\"elementor-widget-container\">\n\t\t\t\t\t\t\t\t\t<p>If you\u2019re interested in&nbsp;<span style=\"color: #ff9900\"><strong><span style=\"color: #ff6600\">testing the demo.<\/span>&nbsp;<\/strong><\/span>Please login using below credentials.<\/p>\t\t\t\t\t\t\t\t<\/div>\n\t\t\t\t<\/div>\n\t\t\t\t<div class=\"elementor-element elementor-element-a5aff3b elementor-widget elementor-widget-text-editor\" data-id=\"a5aff3b\" data-element_type=\"widget\" data-widget_type=\"text-editor.default\">\n\t\t\t\t<div class=\"elementor-widget-container\">\n\t\t\t\t\t\t\t\t\t<p><span style=\"color: #000000\"><span style=\"color: #f3793f\">User name :- <\/span>demo@demo.com<br \/><\/span><span style=\"color: #000000\"><span style=\"color: #f3793f\">Password :-<\/span> demo<\/span><\/p>\t\t\t\t\t\t\t\t<\/div>\n\t\t\t\t<\/div>\n\t\t\t\t<div class=\"elementor-element elementor-element-9016055 elementor-align-left elementor-mobile-align-center elementor-widget elementor-widget-button\" data-id=\"9016055\" data-element_type=\"widget\" data-widget_type=\"button.default\">\n\t\t\t\t<div class=\"elementor-widget-container\">\n\t\t\t\t\t\t\t\t\t<div class=\"elementor-button-wrapper\">\n\t\t\t\t\t<a class=\"elementor-button elementor-button-link elementor-size-sm\" href=\"https:\/\/ommune.com\/codecanyon\/arhive-contactform7\/wp-admin\/?username=demo@demo.com&#038;pass=demo\" target=\"_blank\">\n\t\t\t\t\t\t<span class=\"elementor-button-content-wrapper\">\n\t\t\t\t\t\t<span class=\"elementor-button-icon\">\n\t\t\t\t<i aria-hidden=\"true\" class=\"fas fa-long-arrow-alt-right\"><\/i>\t\t\t<\/span>\n\t\t\t\t\t\t\t\t\t<span class=\"elementor-button-text\">Check Demo<\/span>\n\t\t\t\t\t<\/span>\n\t\t\t\t\t<\/a>\n\t\t\t\t<\/div>\n\t\t\t\t\t\t\t\t<\/div>\n\t\t\t\t<\/div>\n\t\t\t\t\t<\/div>\n\t\t<\/div>\n\t\t\t\t\t<\/div>\n\t\t<\/section>\n\t\t\t\t<section class=\"elementor-section elementor-inner-section elementor-element elementor-element-8452698 elementor-section-boxed elementor-section-height-default elementor-section-height-default\" data-id=\"8452698\" data-element_type=\"section\">\n\t\t\t\t\t\t<div class=\"elementor-container elementor-column-gap-default\">\n\t\t\t\t\t<div class=\"elementor-column elementor-col-100 elementor-inner-column elementor-element elementor-element-11a2308\" data-id=\"11a2308\" data-element_type=\"column\">\n\t\t\t<div class=\"elementor-widget-wrap elementor-element-populated\">\n\t\t\t\t\t\t<div class=\"elementor-element elementor-element-28b4f79 elementor-widget elementor-widget-text-editor\" data-id=\"28b4f79\" data-element_type=\"widget\" data-widget_type=\"text-editor.default\">\n\t\t\t\t<div class=\"elementor-widget-container\">\n\t\t\t\t\t\t\t\t\t<p>If any query. Please contact us at <span style=\"color: #ff6600\"><a style=\"color: #ff6600\" href=\"mailto:support@ommune.com\">support@ommune.com<\/a><\/span><\/p>\t\t\t\t\t\t\t\t<\/div>\n\t\t\t\t<\/div>\n\t\t\t\t\t<\/div>\n\t\t<\/div>\n\t\t\t\t\t<\/div>\n\t\t<\/section>\n\t\t\t\t\t<\/div>\n\t\t<\/div>\n\t\t\t\t\t<\/div>\n\t\t<\/section>\n\t\t\t\t<section class=\"elementor-section elementor-top-section elementor-element elementor-element-f80162b elementor-section-full_width elementor-section-height-default elementor-section-height-default\" data-id=\"f80162b\" data-element_type=\"section\">\n\t\t\t\t\t\t<div class=\"elementor-container elementor-column-gap-default\">\n\t\t\t\t\t<div class=\"elementor-column elementor-col-100 elementor-top-column elementor-element elementor-element-9599f97\" data-id=\"9599f97\" data-element_type=\"column\">\n\t\t\t<div class=\"elementor-widget-wrap elementor-element-populated\">\n\t\t\t\t\t\t<div class=\"elementor-element elementor-element-1b0aecb elementor-widget elementor-widget-heading\" data-id=\"1b0aecb\" data-element_type=\"widget\" data-widget_type=\"heading.default\">\n\t\t\t\t<div class=\"elementor-widget-container\">\n\t\t\t\t\t<h2 class=\"elementor-heading-title elementor-size-default\">\u00a9 2010-2023 Ommune IT Solutions Pvt. Ltd.<\/h2>\t\t\t\t<\/div>\n\t\t\t\t<\/div>\n\t\t\t\t\t<\/div>\n\t\t<\/div>\n\t\t\t\t\t<\/div>\n\t\t<\/section>\n\t\t\t\t<\/div>\n\t\t","protected":false},"excerpt":{"rendered":"<p>\/*! elementor &#8211; v3.11.5 &#8211; 14-03-2023 *\/ .elementor-widget-image{text-align:center}.elementor-widget-image a{display:inline-block}.elementor-widget-image a img[src$=&#8221;.svg&#8221;]{width:48px}.elementor-widget-image img{vertical-align:middle;display:inline-block} Documentation Buy Now If you\u00e2\u0080\u0099re interested in&nbsp;testing the demo.&nbsp;Please login using below credentials. User name :- demo@demo.comPassword :- demo Check Demo If any query. Please contact us at support@ommune.com Ce qui distingue fondamentalement brutal casino de ses concurrents, c&#8217;est l&#8217;attention minutieuse port\u00e9e \u00e0 [&hellip;]<\/p>\n","protected":false},"author":1,"featured_media":0,"parent":0,"menu_order":0,"comment_status":"closed","ping_status":"closed","template":"","meta":{"footnotes":""},"class_list":["post-6","page","type-page","status-publish","hentry"],"_links":{"self":[{"href":"https:\/\/ommune.com\/codecanyon\/arhive-contactform7\/wp-json\/wp\/v2\/pages\/6","targetHints":{"allow":["GET"]}}],"collection":[{"href":"https:\/\/ommune.com\/codecanyon\/arhive-contactform7\/wp-json\/wp\/v2\/pages"}],"about":[{"href":"https:\/\/ommune.com\/codecanyon\/arhive-contactform7\/wp-json\/wp\/v2\/types\/page"}],"author":[{"embeddable":true,"href":"https:\/\/ommune.com\/codecanyon\/arhive-contactform7\/wp-json\/wp\/v2\/users\/1"}],"replies":[{"embeddable":true,"href":"https:\/\/ommune.com\/codecanyon\/arhive-contactform7\/wp-json\/wp\/v2\/comments?post=6"}],"version-history":[{"count":303,"href":"https:\/\/ommune.com\/codecanyon\/arhive-contactform7\/wp-json\/wp\/v2\/pages\/6\/revisions"}],"predecessor-version":[{"id":263028,"href":"https:\/\/ommune.com\/codecanyon\/arhive-contactform7\/wp-json\/wp\/v2\/pages\/6\/revisions\/263028"}],"wp:attachment":[{"href":"https:\/\/ommune.com\/codecanyon\/arhive-contactform7\/wp-json\/wp\/v2\/media?parent=6"}],"curies":[{"name":"wp","href":"https:\/\/api.w.org\/{rel}","templated":true}]}}